{"id":31,"date":"2025-11-26T08:03:05","date_gmt":"2025-11-26T08:03:05","guid":{"rendered":"https:\/\/1490trainingclub.be\/?page_id=31"},"modified":"2026-03-22T01:53:11","modified_gmt":"2026-03-22T01:53:11","slug":"a-propos","status":"publish","type":"page","link":"https:\/\/1490trainingclub.be\/index.php\/a-propos\/","title":{"rendered":"A propos"},"content":{"rendered":"<p>[et_pb_section fb_built=\u00a0\u00bb1&Prime; _builder_version=\u00a0\u00bb4.27.4&Prime; _module_preset=\u00a0\u00bbdefault\u00a0\u00bb background_color=\u00a0\u00bbgcid-7c8755a0-7bb7-412f-b3f9-b992d9cc05dc\u00a0\u00bb custom_padding=\u00a0\u00bb||0px|||\u00a0\u00bb global_colors_info=\u00a0\u00bb{%22gcid-7c8755a0-7bb7-412f-b3f9-b992d9cc05dc%22:%91%22background_color%22%93}\u00a0\u00bb][et_pb_row _builder_version=\u00a0\u00bb4.27.4&Prime; _module_preset=\u00a0\u00bbdefault\u00a0\u00bb][et_pb_column _builder_version=\u00a0\u00bb4.27.4&Prime; _module_preset=\u00a0\u00bbdefault\u00a0\u00bb type=\u00a0\u00bb4_4&Prime;][et_pb_button button_text=\u00a0\u00bbR\u00e9serve ta s\u00e9ance gratuite\u00a0\u00bb _builder_version=\u00a0\u00bb4.27.4&Prime; _module_preset=\u00a0\u00bbdefault\u00a0\u00bb button_url=\u00a0\u00bbhttps:\/\/app.peppy.cool\/quicksell\/cmgqnktxn23jvtf0t8ln6fb15\/book\/trial\/\u00a0\u00bb hover_enabled=\u00a0\u00bb0&Prime; sticky_enabled=\u00a0\u00bb0&Prime;][\/et_pb_button][\/et_pb_column][\/et_pb_row][et_pb_row _builder_version=\u00a0\u00bb4.27.4&Prime; _module_preset=\u00a0\u00bbdefault\u00a0\u00bb global_colors_info=\u00a0\u00bb{}\u00a0\u00bb][et_pb_column type=\u00a0\u00bb4_4&Prime; _builder_version=\u00a0\u00bb4.27.4&Prime; _module_preset=\u00a0\u00bbdefault\u00a0\u00bb global_colors_info=\u00a0\u00bb{}\u00a0\u00bb][et_pb_text _builder_version=\u00a0\u00bb4.27.4&Prime; _module_preset=\u00a0\u00bbdefault\u00a0\u00bb global_colors_info=\u00a0\u00bb{%22gcid-414982cb-3288-419c-8171-062746385fdc%22:%91%22header_text_color%22,%22header_2_text_color%22,%22header_text_color%22,%22header_2_text_color%22,%22header_text_color%22,%22header_2_text_color%22,%22header_text_color%22,%22header_2_text_color%22,%22header_text_color%22,%22header_2_text_color%22,%22header_text_color%22%93}\u00a0\u00bb]<\/p>\n<h1>\u00c0 propos<\/h1>\n<div id=\"gtx-trans\" style=\"position: absolute; left: -149px; top: 64.4375px;\">\n<div class=\"gtx-trans-icon\"><\/div>\n<\/div>\n<p>[\/et_pb_text][\/et_pb_column][\/et_pb_row][et_pb_row column_structure=\u00a0\u00bb1_2,1_2&Prime; _builder_version=\u00a0\u00bb4.27.4&Prime; _module_preset=\u00a0\u00bbdefault\u00a0\u00bb custom_padding=\u00a0\u00bb||8px|||\u00a0\u00bb global_colors_info=\u00a0\u00bb{}\u00a0\u00bb][et_pb_column type=\u00a0\u00bb1_2&Prime; _builder_version=\u00a0\u00bb4.27.4&Prime; _module_preset=\u00a0\u00bbdefault\u00a0\u00bb global_colors_info=\u00a0\u00bb{}\u00a0\u00bb][et_pb_text _builder_version=\u00a0\u00bb4.27.4&Prime; _module_preset=\u00a0\u00bbdefault\u00a0\u00bb global_colors_info=\u00a0\u00bb{}\u00a0\u00bb]<\/p>\n<p>Caroline et Xavier partagent depuis plusieurs ann\u00e9es une passion commune : le CrossTraining. Cette discipline est rapidement devenue bien plus qu&rsquo;un simple sport pour eux: un v\u00e9ritable mode de vie fait de d\u00e9passement de soi, de solidarit\u00e9 et de pers\u00e9v\u00e9rance, et ce d&rsquo;autant plus que leur fille a\u00een\u00e9e, atteinte de mucoviscidose, pratique 8h de gymnastique par semaine pour conserver une capacit\u00e9 respiratoire suffisante.<\/p>\n<p>Au fil de leur pratique, une id\u00e9e s&rsquo;est impos\u00e9e : cr\u00e9er leur propre espace d\u00e9di\u00e9 \u00e0 l&rsquo;entra\u00eenement fonctionnel, inspir\u00e9 du concept Hyrox, afin de permettre \u00e0 chacun de se challenger dans une ambiance conviviale et motivante.<\/p>\n<p>C&rsquo;est lors d&rsquo;une rencontre d\u00e9cisive avec Javier, coach exp\u00e9riment\u00e9 et passionn\u00e9, que leur projet a pris toute son envergure. Gr\u00e2ce \u00e0 l&rsquo;expertise et l&rsquo;accompagnement de ce dernier, Caroline et Xavier ont pu concr\u00e9tiser leur vision : ouvrir une salle o\u00f9 se m\u00ealent performance, accessibilit\u00e9 et esprit de communaut\u00e9.<\/p>\n<p>Leur objectif \u00e0 tous les trois est simple : offrir \u00e0 tous, du sportif d\u00e9butant \u00e0 l&rsquo;athl\u00e8te confirm\u00e9, un lieu o\u00f9 chacun peut progresser \u00e0 son rythme, d\u00e9couvrir ses propres capacit\u00e9s, se d\u00e9passer et vivre une exp\u00e9rience sportive unique.<\/p>\n<p>Guid\u00e9 par le principe du \u201c80% nutrition, 20% entra\u00eenement = 100% r\u00e9sultats\u201d, Javier aide chacun \u00e0 comprendre l\u2019impact de l\u2019alimentation sur la performance, la r\u00e9cup\u00e9ration, la vitalit\u00e9 et la composition corporelle.<\/p>\n<p>Au 1490 Training Club, la nutrition n\u2019est pas un d\u00e9tail : c\u2019est le socle sur lequel repose chaque transformation physique et mentale.<\/p>\n<p>[\/et_pb_text][\/et_pb_column][et_pb_column type=\u00a0\u00bb1_2&Prime; _builder_version=\u00a0\u00bb4.27.4&Prime; _module_preset=\u00a0\u00bbdefault\u00a0\u00bb global_colors_info=\u00a0\u00bb{}\u00a0\u00bb][et_pb_image src=\u00a0\u00bbhttps:\/\/1490trainingclub.be\/wp-content\/uploads\/2026\/02\/44.png\u00a0\u00bb title_text=\u00a0\u00bb44&Prime; _builder_version=\u00a0\u00bb4.27.4&Prime; _module_preset=\u00a0\u00bbdefault\u00a0\u00bb custom_margin=\u00a0\u00bb2px|||||\u00a0\u00bb global_colors_info=\u00a0\u00bb{}\u00a0\u00bb][\/et_pb_image][\/et_pb_column][\/et_pb_row][et_pb_row column_structure=\u00a0\u00bb1_4,1_4,1_4,1_4&Prime; _builder_version=\u00a0\u00bb4.27.4&Prime; _module_preset=\u00a0\u00bbdefault\u00a0\u00bb custom_padding=\u00a0\u00bb21px|||||\u00a0\u00bb global_colors_info=\u00a0\u00bb{}\u00a0\u00bb][et_pb_column type=\u00a0\u00bb1_4&Prime; _builder_version=\u00a0\u00bb4.27.4&Prime; _module_preset=\u00a0\u00bbdefault\u00a0\u00bb global_colors_info=\u00a0\u00bb{}\u00a0\u00bb][et_pb_button button_url=\u00a0\u00bb@ET-DC@eyJkeW5hbWljIjp0cnVlLCJjb250ZW50IjoicG9zdF9saW5rX3VybF9wYWdlIiwic2V0dGluZ3MiOnsicG9zdF9pZCI6IjM5In19@\u00a0\u00bb button_text=\u00a0\u00bbD\u00e9couvrir nos cours\u00a0\u00bb button_alignment=\u00a0\u00bbright\u00a0\u00bb _builder_version=\u00a0\u00bb4.27.4&Prime; _dynamic_attributes=\u00a0\u00bbbutton_url\u00a0\u00bb _module_preset=\u00a0\u00bbdefault\u00a0\u00bb button_bg_color=\u00a0\u00bbgcid-58c721ec-e9f6-42a0-abde-b32ef0fcd19f\u00a0\u00bb custom_margin=\u00a0\u00bb|5px||||\u00a0\u00bb locked=\u00a0\u00bboff\u00a0\u00bb global_colors_info=\u00a0\u00bb{%22gcid-58c721ec-e9f6-42a0-abde-b32ef0fcd19f%22:%91%22button_bg_color%22%93}\u00a0\u00bb][\/et_pb_button][\/et_pb_column][et_pb_column type=\u00a0\u00bb1_4&Prime; _builder_version=\u00a0\u00bb4.27.4&Prime; _module_preset=\u00a0\u00bbdefault\u00a0\u00bb global_colors_info=\u00a0\u00bb{}\u00a0\u00bb][et_pb_button button_url=\u00a0\u00bbhttps:\/\/app.peppy.cool\/quicksell\/cmgqnktxn23jvtf0t8ln6fb15\/offers\/\u00a0\u00bb button_text=\u00a0\u00bbNos abonnements\u00a0\u00bb button_alignment=\u00a0\u00bbleft\u00a0\u00bb _builder_version=\u00a0\u00bb4.27.4&Prime; _module_preset=\u00a0\u00bbdefault\u00a0\u00bb custom_margin=\u00a0\u00bb|||-17px||\u00a0\u00bb locked=\u00a0\u00bboff\u00a0\u00bb global_colors_info=\u00a0\u00bb{}\u00a0\u00bb][\/et_pb_button][\/et_pb_column][et_pb_column type=\u00a0\u00bb1_4&Prime; _builder_version=\u00a0\u00bb4.27.4&Prime; _module_preset=\u00a0\u00bbdefault\u00a0\u00bb global_colors_info=\u00a0\u00bb{}\u00a0\u00bb][\/et_pb_column][et_pb_column type=\u00a0\u00bb1_4&Prime; _builder_version=\u00a0\u00bb4.27.4&Prime; _module_preset=\u00a0\u00bbdefault\u00a0\u00bb global_colors_info=\u00a0\u00bb{}\u00a0\u00bb][\/et_pb_column][\/et_pb_row][et_pb_row _builder_version=\u00a0\u00bb4.27.4&Prime; _module_preset=\u00a0\u00bbdefault\u00a0\u00bb][et_pb_column _builder_version=\u00a0\u00bb4.27.4&Prime; _module_preset=\u00a0\u00bbdefault\u00a0\u00bb type=\u00a0\u00bb4_4&Prime;][et_pb_button button_text=\u00a0\u00bbR\u00e9serve ta s\u00e9ance gratuite\u00a0\u00bb _builder_version=\u00a0\u00bb4.27.4&Prime; _module_preset=\u00a0\u00bbdefault\u00a0\u00bb button_url=\u00a0\u00bbhttps:\/\/app.peppy.cool\/quicksell\/cmgqnktxn23jvtf0t8ln6fb15\/book\/trial\/\u00a0\u00bb hover_enabled=\u00a0\u00bb0&Prime; sticky_enabled=\u00a0\u00bb0&Prime;][\/et_pb_button][\/et_pb_column][\/et_pb_row][\/et_pb_section]<\/p>\n","protected":false},"excerpt":{"rendered":"<p>\u00c0 propos Caroline et Xavier partagent depuis plusieurs ann\u00e9es une passion commune : le CrossTraining. Cette discipline est rapidement devenue bien plus qu&rsquo;un simple sport pour eux: un v\u00e9ritable mode de vie fait de d\u00e9passement de soi, de solidarit\u00e9 et de pers\u00e9v\u00e9rance, et ce d&rsquo;autant plus que leur fille a\u00een\u00e9e, atteinte de mucoviscidose, pratique 8h [&hellip;]<\/p>\n","protected":false},"author":1,"featured_media":0,"parent":0,"menu_order":0,"comment_status":"closed","ping_status":"closed","template":"","meta":{"_et_pb_use_builder":"on","_et_pb_old_content":"","_et_gb_content_width":"","footnotes":""},"class_list":["post-31","page","type-page","status-publish","hentry"],"_links":{"self":[{"href":"https:\/\/1490trainingclub.be\/index.php\/wp-json\/wp\/v2\/pages\/31","targetHints":{"allow":["GET"]}}],"collection":[{"href":"https:\/\/1490trainingclub.be\/index.php\/wp-json\/wp\/v2\/pages"}],"about":[{"href":"https:\/\/1490trainingclub.be\/index.php\/wp-json\/wp\/v2\/types\/page"}],"author":[{"embeddable":true,"href":"https:\/\/1490trainingclub.be\/index.php\/wp-json\/wp\/v2\/users\/1"}],"replies":[{"embeddable":true,"href":"https:\/\/1490trainingclub.be\/index.php\/wp-json\/wp\/v2\/comments?post=31"}],"version-history":[{"count":7,"href":"https:\/\/1490trainingclub.be\/index.php\/wp-json\/wp\/v2\/pages\/31\/revisions"}],"predecessor-version":[{"id":700,"href":"https:\/\/1490trainingclub.be\/index.php\/wp-json\/wp\/v2\/pages\/31\/revisions\/700"}],"wp:attachment":[{"href":"https:\/\/1490trainingclub.be\/index.php\/wp-json\/wp\/v2\/media?parent=31"}],"curies":[{"name":"wp","href":"https:\/\/api.w.org\/{rel}","templated":true}]}}