{"id":475,"date":"2026-01-07T17:38:29","date_gmt":"2026-01-07T17:38:29","guid":{"rendered":"https:\/\/1490trainingclub.be\/?page_id=475"},"modified":"2026-01-07T17:38:29","modified_gmt":"2026-01-07T17:38:29","slug":"privatisation-evenements","status":"publish","type":"page","link":"https:\/\/1490trainingclub.be\/index.php\/privatisation-evenements\/","title":{"rendered":"Privatisation &amp; \u00e9v\u00e9nements"},"content":{"rendered":"\n[et_pb_section fb_built=\u00a0\u00bb1&Prime; _builder_version=\u00a0\u00bb4.27.4&Prime; _module_preset=\u00a0\u00bbdefault\u00a0\u00bb global_colors_info=\u00a0\u00bb{}\u00a0\u00bb][et_pb_row column_structure=\u00a0\u00bb2_5,3_5&Prime; _builder_version=\u00a0\u00bb4.27.4&Prime; _module_preset=\u00a0\u00bbdefault\u00a0\u00bb global_colors_info=\u00a0\u00bb{}\u00a0\u00bb][et_pb_column type=\u00a0\u00bb2_5&Prime; _builder_version=\u00a0\u00bb4.27.4&Prime; _module_preset=\u00a0\u00bbdefault\u00a0\u00bb global_colors_info=\u00a0\u00bb{}\u00a0\u00bb][et_pb_image src=\u00a0\u00bbhttps:\/\/1490trainingclub.be\/wp-content\/uploads\/2026\/01\/anniversaire.png\u00a0\u00bb title_text=\u00a0\u00bbanniversaire\u00a0\u00bb _builder_version=\u00a0\u00bb4.27.4&Prime; _module_preset=\u00a0\u00bbdefault\u00a0\u00bb animation_style=\u00a0\u00bbslide\u00a0\u00bb animation_duration=\u00a0\u00bb700ms\u00a0\u00bb animation_delay=\u00a0\u00bb500ms\u00a0\u00bb animation_intensity_slide=\u00a0\u00bb22%\u00a0\u00bb global_colors_info=\u00a0\u00bb{}\u00a0\u00bb][\/et_pb_image][\/et_pb_column][et_pb_column type=\u00a0\u00bb3_5&Prime; _builder_version=\u00a0\u00bb4.27.4&Prime; _module_preset=\u00a0\u00bbdefault\u00a0\u00bb global_colors_info=\u00a0\u00bb{}\u00a0\u00bb][et_pb_text _builder_version=\u00a0\u00bb4.27.4&Prime; _module_preset=\u00a0\u00bbdefault\u00a0\u00bb hover_enabled=\u00a0\u00bb0&Prime; global_colors_info=\u00a0\u00bb{}\u00a0\u00bb animation_style=\u00a0\u00bbslide\u00a0\u00bb animation_duration=\u00a0\u00bb700ms\u00a0\u00bb animation_delay=\u00a0\u00bb500ms\u00a0\u00bb animation_intensity_slide=\u00a0\u00bb22%\u00a0\u00bb sticky_enabled=\u00a0\u00bb0&Prime;]<h3 data-start=\"262\" data-end=\"321\">Organise ton \u00e9v\u00e9nement sur mesure au 1490 Training Club<\/h3>\n<p data-start=\"323\" data-end=\"432\">Au <strong data-start=\"326\" data-end=\"348\">1490 Training Club<\/strong>, nous transformons ton \u00e9v\u00e9nement en une exp\u00e9rience unique, conviviale et m\u00e9morable.<\/p>\n<p data-start=\"434\" data-end=\"743\">Avec l\u2019accompagnement d\u2019un coach, tu construis <strong data-start=\"481\" data-end=\"508\">un programme sur mesure<\/strong>, adapt\u00e9 \u00e0 ton public, \u00e0 ton objectif et \u00e0 l\u2019ambiance que tu souhaites cr\u00e9er. D\u00e9fis sportifs, jeux de r\u00e9flexion, \u00e9preuves d\u2019\u00e9quipe ou individuelles : tout est pens\u00e9 pour que chacun participe, s\u2019amuse et reparte avec de vrais souvenirs.<\/p>\n<p data-start=\"745\" data-end=\"893\">Nous nous adaptons <strong data-start=\"764\" data-end=\"805\">\u00e0 tous les \u00e2ges et \u00e0 tous les niveaux<\/strong>, que ce soit pour un moment ludique, un d\u00e9fi collectif ou une exp\u00e9rience plus sportive.<\/p>\n<h3 data-start=\"895\" data-end=\"930\">Pour quels types d\u2019\u00e9v\u00e9nements ?<\/h3>\n<ul data-start=\"931\" data-end=\"1107\">\n<li data-start=\"931\" data-end=\"970\">\n<p data-start=\"933\" data-end=\"970\">Anniversaire d\u2019enfants ou d\u2019adultes<\/p>\n<\/li>\n<li data-start=\"971\" data-end=\"992\">\n<p data-start=\"973\" data-end=\"992\">Moments familiaux<\/p>\n<\/li>\n<li data-start=\"993\" data-end=\"1037\">\n<p data-start=\"995\" data-end=\"1037\">Team building et \u00e9v\u00e9nements d\u2019entreprise<\/p>\n<\/li>\n<li data-start=\"1038\" data-end=\"1078\">\n<p data-start=\"1040\" data-end=\"1078\">Groupes d\u2019amis, \u00e9coles, associations<\/p>\n<\/li>\n<li data-start=\"1079\" data-end=\"1107\">\n<p data-start=\"1081\" data-end=\"1107\">Autres projets sur demande<\/p>\n<\/li>\n<\/ul>\n<h3 data-start=\"1109\" data-end=\"1152\">Tarifs indicatifs \u2013 Anniversaire (2h30)<\/h3>\n<ul data-start=\"1153\" data-end=\"1296\">\n<li data-start=\"1153\" data-end=\"1198\">\n<p data-start=\"1155\" data-end=\"1198\">150 \u20ac pour un groupe jusqu\u2019\u00e0 10 personnes<\/p>\n<\/li>\n<li data-start=\"1199\" data-end=\"1236\">\n<p data-start=\"1201\" data-end=\"1236\">+10 \u20ac par personne suppl\u00e9mentaire<\/p>\n<\/li>\n<li data-start=\"1237\" data-end=\"1296\">\n<p data-start=\"1239\" data-end=\"1258\">Option catering :<\/p>\n<ul data-start=\"1261\" data-end=\"1296\">\n<li data-start=\"1261\" data-end=\"1277\">\n<p data-start=\"1263\" data-end=\"1277\">3 \u20ac \/ enfant<\/p>\n<\/li>\n<li data-start=\"1280\" data-end=\"1296\">\n<p data-start=\"1282\" data-end=\"1296\">5 \u20ac \/ adulte<\/p>\n<\/li>\n<\/ul>\n<\/li>\n<\/ul>\n<p data-start=\"1298\" data-end=\"1404\">Chaque \u00e9v\u00e9nement est <strong data-start=\"1319\" data-end=\"1335\">personnalis\u00e9<\/strong> : le contenu, l\u2019intensit\u00e9 et les \u00e9preuves sont adapt\u00e9s \u00e0 ton groupe.<\/p>\n<p data-start=\"1298\" data-end=\"1404\">Attention photo non contractuelle \ud83d\ude09<\/p>\n<p data-start=\"1298\" data-end=\"1404\">[\/et_pb_text][et_pb_button button_url=\u00a0\u00bb@ET-DC@eyJkeW5hbWljIjp0cnVlLCJjb250ZW50IjoicG9zdF9saW5rX3VybF9wYWdlIiwic2V0dGluZ3MiOnsicG9zdF9pZCI6IjQ1In19@\u00a0\u00bb button_text=\u00a0\u00bbParlons de ton \u00e9v\u00e9nement\u00a0\u00bb _builder_version=\u00a0\u00bb4.27.4&Prime; _dynamic_attributes=\u00a0\u00bbbutton_url\u00a0\u00bb _module_preset=\u00a0\u00bbdefault\u00a0\u00bb global_colors_info=\u00a0\u00bb{}\u00a0\u00bb][\/et_pb_button][\/et_pb_column][\/et_pb_row][\/et_pb_section][et_pb_section fb_built=\u00a0\u00bb1&Prime; fullwidth=\u00a0\u00bbon\u00a0\u00bb _builder_version=\u00a0\u00bb4.27.4&Prime; _module_preset=\u00a0\u00bbdefault\u00a0\u00bb global_colors_info=\u00a0\u00bb{}\u00a0\u00bb][\/et_pb_section]\n","protected":false},"excerpt":{"rendered":"<p>Organise ton \u00e9v\u00e9nement sur mesure au 1490 Training Club Au 1490 Training Club, nous transformons ton \u00e9v\u00e9nement en une exp\u00e9rience unique, conviviale et m\u00e9morable. Avec l\u2019accompagnement d\u2019un coach, tu construis un programme sur mesure, adapt\u00e9 \u00e0 ton public, \u00e0 ton objectif et \u00e0 l\u2019ambiance que tu souhaites cr\u00e9er. D\u00e9fis sportifs, jeux de r\u00e9flexion, \u00e9preuves d\u2019\u00e9quipe [&hellip;]<\/p>\n","protected":false},"author":1,"featured_media":0,"parent":0,"menu_order":0,"comment_status":"closed","ping_status":"closed","template":"","meta":{"_et_pb_use_builder":"on","_et_pb_old_content":"","_et_gb_content_width":"","footnotes":""},"class_list":["post-475","page","type-page","status-publish","hentry"],"_links":{"self":[{"href":"https:\/\/1490trainingclub.be\/index.php\/wp-json\/wp\/v2\/pages\/475","targetHints":{"allow":["GET"]}}],"collection":[{"href":"https:\/\/1490trainingclub.be\/index.php\/wp-json\/wp\/v2\/pages"}],"about":[{"href":"https:\/\/1490trainingclub.be\/index.php\/wp-json\/wp\/v2\/types\/page"}],"author":[{"embeddable":true,"href":"https:\/\/1490trainingclub.be\/index.php\/wp-json\/wp\/v2\/users\/1"}],"replies":[{"embeddable":true,"href":"https:\/\/1490trainingclub.be\/index.php\/wp-json\/wp\/v2\/comments?post=475"}],"version-history":[{"count":7,"href":"https:\/\/1490trainingclub.be\/index.php\/wp-json\/wp\/v2\/pages\/475\/revisions"}],"predecessor-version":[{"id":498,"href":"https:\/\/1490trainingclub.be\/index.php\/wp-json\/wp\/v2\/pages\/475\/revisions\/498"}],"wp:attachment":[{"href":"https:\/\/1490trainingclub.be\/index.php\/wp-json\/wp\/v2\/media?parent=475"}],"curies":[{"name":"wp","href":"https:\/\/api.w.org\/{rel}","templated":true}]}}